{"id":612,"date":"2025-02-17T03:07:54","date_gmt":"2025-02-17T03:07:54","guid":{"rendered":"https:\/\/optimumbioklimatik.com\/cerezler-politikasi\/"},"modified":"2025-03-08T04:15:51","modified_gmt":"2025-03-08T04:15:51","slug":"cookies-policy","status":"publish","type":"page","link":"https:\/\/optimumbioklimatik.com\/en\/cookies-policy\/","title":{"rendered":"Cookies Policy"},"content":{"rendered":"<div class=\"slider-wrapper relative\" id=\"slider-1914450561\" >\n    <div class=\"slider slider-nav-circle slider-nav-large slider-nav-light slider-style-normal\"\n        data-flickity-options='{\n            \"cellAlign\": \"center\",\n            \"imagesLoaded\": true,\n            \"lazyLoad\": 1,\n            \"freeScroll\": false,\n            \"wrapAround\": false,\n            \"autoPlay\": false,\n            \"pauseAutoPlayOnHover\" : false,\n            \"prevNextButtons\": false,\n            \"contain\" : true,\n            \"adaptiveHeight\" : true,\n            \"dragThreshold\" : 10,\n            \"percentPosition\": true,\n            \"pageDots\": false,\n            \"rightToLeft\": false,\n            \"draggable\": false,\n            \"selectedAttraction\": 0.1,\n            \"parallax\" : 0,\n            \"friction\": 0.6        }'\n        >\n        \n\n  <div class=\"banner has-hover has-video\" id=\"banner-1196957626\">\n          <div class=\"banner-inner fill\">\n        <div class=\"banner-bg fill\" >\n                        \t<div class=\"video-overlay no-click fill visible\"><\/div>\n\t<video class=\"video-bg fill visible\" preload playsinline autoplay muted loop>\n\t\t<source src=\"https:\/\/optimumbioklimatik.com\/wp-content\/uploads\/2025\/02\/Pergola-yeni.mp4\" type=\"video\/mp4\">\t<\/video>\n            <div class=\"overlay\"><\/div>            \n                    <\/div>\n\t\t\n        <div class=\"banner-layers container\">\n            <div class=\"fill banner-link\"><\/div>            \n   <div id=\"text-box-1436416405\" class=\"text-box banner-layer x5 md-x0 lg-x0 y65 md-y65 lg-y65 res-text\">\n                                <div class=\"text-box-content text dark\">\n              \n              <div class=\"text-inner text-center\">\n                  \n<p><span style=\"font-size: 160%; color: #ff9900;\">\u00c7erezler <span style=\"color: #ffffff;\"> Politikas\u0131<\/span><\/span><\/p>\n              <\/div>\n           <\/div>\n                            \n<style>\n#text-box-1436416405 {\n  width: 57%;\n}\n#text-box-1436416405 .text-box-content {\n  font-size: 100%;\n}\n@media (min-width:550px) {\n  #text-box-1436416405 {\n    width: 30%;\n  }\n}\n<\/style>\n    <\/div>\n \n        <\/div>\n      <\/div>\n\n            \n<style>\n#banner-1196957626 {\n  padding-top: 400px;\n}\n#banner-1196957626 .overlay {\n  background-color: rgba(0, 0, 0, 0.634);\n}\n<\/style>\n  <\/div>\n\n\n     <\/div>\n\n     <div class=\"loading-spin dark large centered\"><\/div>\n\n\t<\/div>\n\n\n\n\t<section class=\"section\" id=\"section_2077883574\">\n\t\t<div class=\"section-bg fill\" >\n\t\t\t\t\t\t\t\t\t\n\t\t\t\n\n\t\t<\/div>\n\n\t\t\n\n\t\t<div class=\"section-content relative\">\n\t\t\t\n<div class=\"row\"  id=\"row-893191484\">\n\n\t<div id=\"col-1217475477\" class=\"col small-12 large-12\"  >\n\t\t\t\t<div class=\"col-inner\"  >\n\t\t\t\n\t\t\t\n<h3><span style=\"font-size: 100%;\">\u00c7erezler<\/span><\/h3>\n<p>OPT\u0130MUM GU\u0130LLOT\u0130N GLASS CAM VE AL\u00dcM\u0130NYUM CEPHE G\u0130YD\u0130RME SANAY\u0130 T\u0130CARET L\u0130M\u0130TED \u015e\u0130RKET\u0130.(\u201cOptimum Bioklimatik Pergola\u201d) olarak, web sitemizin kullan\u0131m\u0131n\u0131 kolayla\u015ft\u0131rmak ve sitemizin kullan\u0131m\u0131n\u0131 ki\u015fiselle\u015ftirmek amac\u0131yla \u00e7erezler, piksel etiketleri (\u201cpikseller\u201d) ve yerel saklama teknolojileri kullanmaktay\u0131z. Bu sayfan\u0131n, an\u0131lan teknolojilerin ni\u00e7in kullan\u0131ld\u0131klar\u0131n\u0131 ve bunlar\u0131 kontrol etmeyi veya \u2013 tercihiniz bu y\u00f6ndeyse \u2013 silmeyi anlaman\u0131za yard\u0131mc\u0131 olmas\u0131n\u0131 istiyoruz.<\/p>\n<h3><span style=\"font-size: 100%;\">\u00c7erez Nedir?<\/span><\/h3>\n<p>M\u00fc\u015fterilerine web siteleri \u00fczerinden \u00fcr\u00fcn veya hizmet sunan neredeyse b\u00fct\u00fcn firmalar, bu web sitelerinde \u00e7erezler kullanmaktad\u0131rlar. Sizlere daha iyi, h\u0131zl\u0131 ve g\u00fcvenli bir al\u0131\u015fveri\u015f deneyimi ya\u015fatmak ve \u00fcr\u00fcn ve hizmetlerimizi sizlerin talep ve ihtiya\u00e7lar\u0131 do\u011frultusunda geli\u015ftirmek i\u00e7in, biz de \u00e7erezler kullan\u0131yoruz. \u00c7erez, bir web sitesini ziyaret etti\u011finizde cihaz\u0131n\u0131za (\u00f6rne\u011fin; bilgisayar veya cep telefonu) depolanan k\u00fc\u00e7\u00fck bir metin dosyas\u0131d\u0131r. \u00c7erezler, bir web sitesini ilk ziyaretiniz s\u0131ras\u0131nda taray\u0131c\u0131n\u0131z arac\u0131l\u0131\u011f\u0131yla cihaz\u0131n\u0131za depolanabilirler. Ayn\u0131 siteyi ayn\u0131 cihazla tekrar ziyaret etti\u011finizde taray\u0131c\u0131n\u0131z cihaz\u0131n\u0131zda site ad\u0131na kay\u0131tl\u0131 bir \u00e7erez olup olmad\u0131\u011f\u0131n\u0131 kontrol eder. E\u011fer kay\u0131t var ise, kayd\u0131n i\u00e7indeki veriyi ziyaret etmekte oldu\u011funuz web sitesine iletir. Bu sayede web sitesi, sizin siteyi daha \u00f6nce ziyaret etti\u011finizi anlar ve size iletilecek i\u00e7eri\u011fi de ona g\u00f6re tayin eder.<\/p>\n<h3><span style=\"font-size: 100%;\">\u00c7erezler Neden Kullan\u0131l\u0131r?<\/span><\/h3>\n<p>Baz\u0131 \u00e7erezler, daha \u00f6nceki ziyaretlerinizde kulland\u0131\u011f\u0131n\u0131z tercihlerin web sitesi taraf\u0131ndan hat\u0131rlanmas\u0131n\u0131 sa\u011flayarak, sonraki ziyaretlerinizin \u00e7ok daha kullan\u0131c\u0131 dostu ve ki\u015fiselle\u015ftirilmi\u015f bir deneyim sunmas\u0131n\u0131 sa\u011flar.<\/p>\n<h3><span style=\"font-size: 100%;\">\u00c7erezleri Kontrol Etme ve Silme<\/span><\/h3>\n<p>\u00c7erezlerin kullan\u0131m\u0131na ili\u015fkin tercihlerinizi de\u011fi\u015ftirmek ya da \u00e7erezleri engellemek veya silmek i\u00e7in taray\u0131c\u0131n\u0131z\u0131n ayarlar\u0131n\u0131 de\u011fi\u015ftirmeniz yeterlidir. Bir\u00e7ok taray\u0131c\u0131 \u00e7erezleri kontrol edebilmeniz i\u00e7in size \u00e7erezleri kabul etme veya reddetme, yaln\u0131zca belirli t\u00fcrdeki \u00e7erezleri kabul etme ya da bir web sitesi cihaz\u0131n\u0131za \u00e7erez depolamay\u0131 talep etti\u011finde taray\u0131c\u0131 taraf\u0131ndan uyar\u0131lma se\u00e7ene\u011fi sunar. Ayn\u0131 zamanda daha \u00f6nce taray\u0131c\u0131n\u0131za kaydedilmi\u015f \u00e7erezlerin silinmesi de m\u00fcmk\u00fcnd\u00fcr. \u00c7erezleri kontrol edilmesine veya silinmesine ili\u015fkin i\u015flemler kulland\u0131\u011f\u0131n\u0131z taray\u0131c\u0131ya g\u00f6re de\u011fi\u015febilmektedir.<\/p>\n<h3><span style=\"font-size: 100%;\">Kategori 1- Kesinlikle Gerekli \u00c7erezler<\/span><\/h3>\n<p>Bu \u00e7erezler web sitesini dola\u015f\u0131m\u0131n\u0131z, web sitesinin g\u00fcvenli alanlar\u0131na eri\u015fimin sa\u011flanmas\u0131 ve izinlerin ortaya konulmas\u0131 i\u00e7in \u00f6nemlidir. Bu \u00e7erezler olmadan, sitemizde bulunan al\u0131\u015fveri\u015f sepeti veya \u00f6deme sayfas\u0131 gibi talep etti\u011finiz hizmetler sa\u011flanamaz.<\/p>\n<table class=\"table table-bordered\">\n<thead>\n<tr>\n<th class=\"text-center\" scope=\"col\">\u00c7EREZ<\/th>\n<th class=\"text-center\" scope=\"col\">\u00c7EREZ\u0130N TANIMI<\/th>\n<\/tr>\n<\/thead>\n<tbody>\n<tr class=\"text-center\">\n<td>local_storage_support_test<\/td>\n<td>Sitenin y\u00fcklenmesini ve hareket etmesini sa\u011flayan \u00e7erezlerdir.<\/td>\n<\/tr>\n<\/tbody>\n<\/table>\n<h3>Kategori 2- Se\u00e7enek \u00c7erezleri<\/h3>\n<p>Bu \u00e7erezler sitenin dil ayarlar\u0131n\u0131 ve \u00fclkeye g\u00f6re uyum ayarlar\u0131n\u0131 kurgulamaya yarayan \u00e7erezlerdir.<\/p>\n<table class=\"table table-bordered\">\n<thead>\n<tr>\n<th class=\"text-center\" scope=\"col\">\u00c7EREZ<\/th>\n<th class=\"text-center\" scope=\"col\">\u00c7EREZ\u0130N TANIMI<\/th>\n<\/tr>\n<\/thead>\n<tbody>\n<tr class=\"text-center\">\n<td>lang<\/td>\n<td>Kullan\u0131c\u0131n\u0131n dil se\u00e7imlerini hat\u0131rlamaya yarayan \u00e7erezler.<\/td>\n<\/tr>\n<\/tbody>\n<\/table>\n<h3>Kategori 3- \u0130statistik \u00c7erezleri<\/h3>\n<p>Bu \u00e7erezler, ziyaret\u00e7ilerimizin web sitesini nas\u0131l kulland\u0131klar\u0131 hakk\u0131nda bilgi toplamaktad\u0131r. \u00d6rne\u011fin, hangi ziyaret\u00e7ilerin en s\u0131k gidecekleri sayfalar\u0131 ve web sayfalar\u0131ndan hata mesajlar\u0131 al\u0131p almad\u0131klar\u0131n\u0131 bilmemizi sa\u011flar. Bu \u00e7erezler, bir ziyaret\u00e7iyi tan\u0131mlayan bilgileri de\u011fil anonim olarak bilgi toplama i\u015flemi yapmaktad\u0131r.<\/p>\n<table class=\"table table-bordered\">\n<thead>\n<tr>\n<th class=\"text-center\" scope=\"col\">\u00c7EREZ<\/th>\n<th class=\"text-center\" scope=\"col\">\u00c7EREZ\u0130N TANIMI<\/th>\n<\/tr>\n<\/thead>\n<tbody>\n<tr class=\"text-center\">\n<td>_ga<\/td>\n<td>Google Universal Analytics ile ili\u015fkisi olan bir \u00e7erezdir. Bu \u00e7erez, istemci tan\u0131mlay\u0131c\u0131s\u0131 olarak rastgele olu\u015fturulmu\u015f bir numara atayarak benzersiz kullan\u0131c\u0131lar\u0131 ay\u0131rmak i\u00e7in kullan\u0131l\u0131r. Sitelerin analiz raporlar\u0131 i\u00e7in ziyaret\u00e7i, oturum ve kampanya verilerini hesaplamak i\u00e7in kullan\u0131l\u0131r.<\/td>\n<\/tr>\n<tr class=\"text-center\">\n<td>_gat<\/td>\n<td>Google Universal Analytics ile ili\u015fkilidir \u2013 y\u00fcksek trafik alanlar\u0131ndaki verilerin toplanmas\u0131n\u0131 s\u0131n\u0131rlar.<\/td>\n<\/tr>\n<tr class=\"text-center\">\n<td>_gid<\/td>\n<td>24 saatlik bir kullan\u0131c\u0131 analiti\u011fi depolamas\u0131 yapmaktad\u0131r.<\/td>\n<\/tr>\n<\/tbody>\n<\/table>\n<h3>Kategori 4: Hedefleme \/ Reklam \u00c7erezleri<\/h3>\n<p>Bu \u00e7erezler, reklamlar\u0131 sizin ilgi alanlar\u0131n\u0131za uygun olarak reklam kampanyas\u0131n\u0131n etkinli\u011fini ve reklam say\u0131s\u0131n\u0131 \u00f6l\u00e7mek i\u00e7in kullan\u0131lmaktad\u0131r. Genellikle web sitesi operat\u00f6r\u00fcn\u00fcn izniyle reklam a\u011flar\u0131 taraf\u0131ndan yerle\u015ftirilirler. Ziyaret etti\u011finiz web sitelerini hat\u0131rlayarak bu bilgileri 3. ki\u015fi niteli\u011findeki reklam verenler gibi di\u011fer kurulu\u015flarla payla\u015f\u0131lmaktad\u0131r. \u00c7ok s\u0131kl\u0131kla \u00e7erezler hedefleme amac\u0131yla di\u011fer reklamlar\u0131n sitelerine link vermektedir. \u0130\u015f bu \u00e7erezler Optimum Bioklimatik Pergola birinci parti i\u015fletici oldu\u011fu \u00e7erezler olmay\u0131p, kullan\u0131c\u0131lar\u0131n daha \u00f6nce verdi\u011fi izinler \u00fczerinden hedefleme yap\u0131lmaktad\u0131r.<\/p>\n<table class=\"table table-bordered\">\n<thead>\n<tr>\n<th class=\"text-center\" scope=\"col\">\u00c7EREZ<\/th>\n<th class=\"text-center\" scope=\"col\">\u00c7EREZ\u0130N TANIMI<\/th>\n<\/tr>\n<\/thead>\n<tbody>\n<tr class=\"text-center\">\n<td>i\/jot\/syndication<\/td>\n<td>Twitter Sosyal payla\u015f\u0131m eklentisi<\/td>\n<\/tr>\n<tr class=\"text-center\">\n<td>r\/collect<\/td>\n<td>Google Adwords \u00e7erezi olup ziyaret\u00e7i datas\u0131 vermektedir.<\/td>\n<\/tr>\n<\/tbody>\n<\/table>\n<h3>Saklama S\u00fcresi<\/h3>\n<p>\u00c7erezler, farkl\u0131 s\u00fcreler boyunca saklanmaktad\u0131r:<\/p>\n<ul class=\"line-list purple\">\n<li>Oturum \u00c7erezleri: Oturum \u00e7erezleri sadece web sitemize yapt\u0131\u011f\u0131n\u0131z ziyaret s\u00fcresince saklan\u0131r, dolay\u0131s\u0131yla web sitemizden birine veya bir taray\u0131c\u0131 oturumuna yapt\u0131\u011f\u0131n\u0131z mevcut ziyaretiniz s\u00fcresince \u00e7erez kullan\u0131l\u0131r.<\/li>\n<li>Kal\u0131c\u0131 \u00c7erezler: Kal\u0131c\u0131 \u00e7erezler, bilgisayar\u0131n\u0131z\u0131n veya mobil cihaz\u0131n\u0131z\u0131n sabit diskinde, web sitemize yapt\u0131\u011f\u0131m\u0131z ziyaretlerin veya bir taray\u0131c\u0131 oturumunun \u00f6tesinde saklan\u0131r. Web sitemizi bir sonraki ziyaretinizde sizi tan\u0131mam\u0131za ve web sitemizi kullanman\u0131z\u0131n kolayla\u015ft\u0131r\u0131lmas\u0131 m\u00fcmk\u00fcn k\u0131l\u0131n\u0131r.<\/li>\n<\/ul>\n\t\t<\/div>\n\t\t\t\t\t<\/div>\n\n\t\n<\/div>\n\t\t<\/div>\n\n\t\t\n<style>\n#section_2077883574 {\n  padding-top: 30px;\n  padding-bottom: 30px;\n}\n<\/style>\n\t<\/section>\n\t\n","protected":false},"excerpt":{"rendered":"","protected":false},"author":2,"featured_media":0,"parent":0,"menu_order":0,"comment_status":"closed","ping_status":"closed","template":"page-transparent-header-light.php","meta":{"footnotes":""},"class_list":["post-612","page","type-page","status-publish","hentry"],"_links":{"self":[{"href":"https:\/\/optimumbioklimatik.com\/en\/wp-json\/wp\/v2\/pages\/612","targetHints":{"allow":["GET"]}}],"collection":[{"href":"https:\/\/optimumbioklimatik.com\/en\/wp-json\/wp\/v2\/pages"}],"about":[{"href":"https:\/\/optimumbioklimatik.com\/en\/wp-json\/wp\/v2\/types\/page"}],"author":[{"embeddable":true,"href":"https:\/\/optimumbioklimatik.com\/en\/wp-json\/wp\/v2\/users\/2"}],"replies":[{"embeddable":true,"href":"https:\/\/optimumbioklimatik.com\/en\/wp-json\/wp\/v2\/comments?post=612"}],"version-history":[{"count":2,"href":"https:\/\/optimumbioklimatik.com\/en\/wp-json\/wp\/v2\/pages\/612\/revisions"}],"predecessor-version":[{"id":665,"href":"https:\/\/optimumbioklimatik.com\/en\/wp-json\/wp\/v2\/pages\/612\/revisions\/665"}],"wp:attachment":[{"href":"https:\/\/optimumbioklimatik.com\/en\/wp-json\/wp\/v2\/media?parent=612"}],"curies":[{"name":"wp","href":"https:\/\/api.w.org\/{rel}","templated":true}]}}