{"id":630,"date":"2025-02-17T03:07:29","date_gmt":"2025-02-17T03:07:29","guid":{"rendered":"https:\/\/optimumbioklimatik.com\/kvkk-aydinlatma-metni\/"},"modified":"2025-03-08T04:19:03","modified_gmt":"2025-03-08T04:19:03","slug":"kvkk-information-text","status":"publish","type":"page","link":"https:\/\/optimumbioklimatik.com\/en\/kvkk-information-text\/","title":{"rendered":"KVKK Information Text"},"content":{"rendered":"<div class=\"slider-wrapper relative\" id=\"slider-1149449698\" >\n    <div class=\"slider slider-nav-circle slider-nav-large slider-nav-light slider-style-normal\"\n        data-flickity-options='{\n            \"cellAlign\": \"center\",\n            \"imagesLoaded\": true,\n            \"lazyLoad\": 1,\n            \"freeScroll\": false,\n            \"wrapAround\": false,\n            \"autoPlay\": false,\n            \"pauseAutoPlayOnHover\" : false,\n            \"prevNextButtons\": false,\n            \"contain\" : true,\n            \"adaptiveHeight\" : true,\n            \"dragThreshold\" : 10,\n            \"percentPosition\": true,\n            \"pageDots\": false,\n            \"rightToLeft\": false,\n            \"draggable\": false,\n            \"selectedAttraction\": 0.1,\n            \"parallax\" : 0,\n            \"friction\": 0.6        }'\n        >\n        \n\n  <div class=\"banner has-hover has-video\" id=\"banner-204559774\">\n          <div class=\"banner-inner fill\">\n        <div class=\"banner-bg fill\" >\n                        \t<div class=\"video-overlay no-click fill visible\"><\/div>\n\t<video class=\"video-bg fill visible\" preload playsinline autoplay muted loop>\n\t\t<source src=\"https:\/\/optimumbioklimatik.com\/wp-content\/uploads\/2025\/02\/Pergola-yeni.mp4\" type=\"video\/mp4\">\t<\/video>\n            <div class=\"overlay\"><\/div>            \n                    <\/div>\n\t\t\n        <div class=\"banner-layers container\">\n            <div class=\"fill banner-link\"><\/div>            \n   <div id=\"text-box-1884700920\" class=\"text-box banner-layer x5 md-x0 lg-x0 y65 md-y65 lg-y65 res-text\">\n                                <div class=\"text-box-content text dark\">\n              \n              <div class=\"text-inner text-center\">\n                  \n<p><span style=\"font-size: 160%; color: #ff9900;\">KVKK Ayd\u0131nlatma\u00a0<span style=\"color: #ffffff;\"> Metni<\/span><\/span><\/p>\n              <\/div>\n           <\/div>\n                            \n<style>\n#text-box-1884700920 {\n  width: 57%;\n}\n#text-box-1884700920 .text-box-content {\n  font-size: 100%;\n}\n@media (min-width:550px) {\n  #text-box-1884700920 {\n    width: 30%;\n  }\n}\n<\/style>\n    <\/div>\n \n        <\/div>\n      <\/div>\n\n            \n<style>\n#banner-204559774 {\n  padding-top: 400px;\n}\n#banner-204559774 .overlay {\n  background-color: rgba(0, 0, 0, 0.634);\n}\n<\/style>\n  <\/div>\n\n\n     <\/div>\n\n     <div class=\"loading-spin dark large centered\"><\/div>\n\n\t<\/div>\n\n\n\n\t<section class=\"section\" id=\"section_1047114848\">\n\t\t<div class=\"section-bg fill\" >\n\t\t\t\t\t\t\t\t\t\n\t\t\t\n\n\t\t<\/div>\n\n\t\t\n\n\t\t<div class=\"section-content relative\">\n\t\t\t\n\t<div id=\"gap-1027726517\" class=\"gap-element clearfix\" style=\"display:block; height:auto;\">\n\t\t\n<style>\n#gap-1027726517 {\n  padding-top: 30px;\n}\n<\/style>\n\t<\/div>\n\t\n<div class=\"row\"  id=\"row-293243373\">\n\n\t<div id=\"col-1154639078\" class=\"col medium-6 small-12 large-6\"  >\n\t\t\t\t<div class=\"col-inner\"  >\n\t\t\t\n\t\t\t\n<h3>Ki\u015fisel Veriler Politikas\u0131<\/h3>\n<p>Elektronik \u0130letilere Ait Se\u00e7imleriniz<\/p>\n<p>Optimum Bioklimatik Pergola taraf\u0131ndan Elektronik Ticaretin D\u00fczenlenmesi Hakk\u0131nda Kanun\u2019un 6.maddesinin b bendi gere\u011fince \u00f6nceden herhangi bir onay\u0131n\u0131z bulunmadan ticari iletiler g\u00f6nderilmekte ve sizinle ileti\u015fime ge\u00e7ilmektedir. Detayl\u0131 bilgi almak ve tercihlerinizi de\u011fi\u015ftirmek i\u00e7in bize info@optimumbioklimatik.com\u00a0 e-mail adresinden ula\u015fabilirsiniz.<\/p>\n<p>Optimum Bioklimatik M\u00fc\u015fteri Ayd\u0131nlatma Metni<br \/>\nSay\u0131n M\u00fc\u015fterilerimiz, Potansiyel M\u00fc\u015fterilerimiz ve Web Sitesi Ziyaret\u00e7ilerimiz, OPT\u0130MUM GU\u0130LLOT\u0130N GLASS CAM VE AL\u00dcM\u0130NYUM CEPHE G\u0130YD\u0130RME SANAY\u0130 T\u0130CARET L\u0130M\u0130TED \u015e\u0130RKET\u0130. (\u201coptimum bioklimatik\u201d veya \u201c\u015eirket\u201d) olarak ki\u015fisel verilerinizin korunmas\u0131na b\u00fcy\u00fck \u00f6nem veriyoruz. Bu kapsamda 6698 say\u0131l\u0131 Ki\u015fisel Verilerin Korunmas\u0131 Kanunu (\u201cKVKK\u201d) uyar\u0131nca \u201cveri sorumlusu\u201d s\u0131fat\u0131yla ki\u015fisel verileriniz ve i\u015fleme s\u00fcre\u00e7leri hakk\u0131nda sizleri bilgilendirmek isteriz.<\/p>\n\t\t<\/div>\n\t\t\t\t\t<\/div>\n\n\t\n\n\t<div id=\"col-90681363\" class=\"col medium-6 small-12 large-6\"  >\n\t\t\t\t<div class=\"col-inner\"  >\n\t\t\t\n\t\t\t\n<h3>\u0130\u015flenen Ki\u015fisel Verileriniz Nelerdir<\/h3>\n<p><strong><span style=\"font-size: 110%;\">Sipari\u015f Talebi ile Beraber<\/span><\/strong><\/p>\n<p>Kimlik bilgileriniz (ad soyad, do\u011fum tarihi, TC Kimlik No)<br \/>\n\u0130leti\u015fim bilgileriniz (adres, e-posta adresi, telefon numaras\u0131)<br \/>\nSiteyi kullan\u0131mlar\u0131n\u0131za ili\u015fkin detaylar (sitedeki davran\u0131\u015flar\u0131n\u0131z, i\u015flemleriniz, tercihleriniz, ziyaret edilen \u00fcr\u00fcnler vs.)<br \/>\nSize \u00f6zel tahsis edilmi\u015f kullan\u0131c\u0131 ad\u0131 ve \u015fifreniz<br \/>\n\u015eirket bilginiz (\u015firket ad\u0131, telefonu, adresi)<br \/>\nElektronik Ticaret S\u00f6zle\u015fmesinin Kurulmas\u0131 ile Beraber;<br \/>\nKimlik bilgileriniz (ad soyad, do\u011fum tarihi, TC Kimlik No)<br \/>\n\u0130leti\u015fim bilgileriniz (adres, e-posta adresi, telefon numaras\u0131)<br \/>\nFatura talep etmeniz halinde bizimle payla\u015fman\u0131z halinde (TC Kimlik No, Vergi Kimlik No)<br \/>\nKredi kart\u0131 ile \u00f6deme yapman\u0131z halinde \u00f6deme kurulu\u015funa g\u00f6nderilmek \u00fczere i\u015flenmesi<br \/>\n\u00d6deme y\u00f6ntemi olarak havale se\u00e7ilmesi halinde banka iban ve kulland\u0131\u011f\u0131n\u0131z bankaya ili\u015fkin bilgiler.<\/p>\n\t\t<\/div>\n\t\t\t\t\t<\/div>\n\n\t\n<\/div>\n<div class=\"row\"  id=\"row-1484033971\">\n\n\t<div id=\"col-968523472\" class=\"col small-12 large-12\"  >\n\t\t\t\t<div class=\"col-inner\"  >\n\t\t\t\n\t\t\t\n<div class=\"row\"  id=\"row-469509323\">\n\n\t<div id=\"col-156192717\" class=\"col medium-6 small-12 large-6\"  >\n\t\t\t\t<div class=\"col-inner\"  >\n\t\t\t\n\t\t\t\n<p><strong>Kullan\u0131c\u0131 Olman\u0131z Halinde;<\/strong><\/p>\n<p>Size \u00f6zel tahsis edilmi\u015f kullan\u0131c\u0131 ad\u0131 ve \u015fifreniz<br \/>\n\u015eirketimiz taraf\u0131ndan verilen hizmetlerin kay\u0131tlar\u0131 (talep ve \u015fikayet y\u00f6netimi)<br \/>\n\u015eikayetlerinize ili\u015fkin al\u0131nan formla olu\u015fan kay\u0131tlar<br \/>\nKullan\u0131c\u0131 olman\u0131z halinde sa\u011flad\u0131\u011f\u0131m\u0131z elektronik ticaret sistemi \u00e7er\u00e7evesinde veri i\u015fleyen s\u0131fat\u0131 tutulmas\u0131 amac\u0131 Optimum Bioklimatik Pergola i\u015flenme ama\u00e7lar\u0131n\u0131 ve vas\u0131talar\u0131n\u0131 belirlemeden sadece depolama ve sistemin kullan\u0131lmas\u0131 ile olu\u015fan m\u00fc\u015fterilerinize ait bilgiler, Esnaf veya tacir olman\u0131z sebebi ile f\u0131rsat ve kampanyalar\u0131mdan yararlanabilmeniz i\u00e7in size g\u00f6nderilen ticari iletileriniz g\u00f6nderebilmemiz amac\u0131 ile i\u015flenen ileti\u015fim verileriniz,<\/p>\n\t\t<\/div>\n\t\t\t\t\t<\/div>\n\n\t\n\n\t<div id=\"col-2031737112\" class=\"col medium-6 small-12 large-6\"  >\n\t\t\t\t<div class=\"col-inner\"  >\n\t\t\t\n\t\t\t\n<p><strong>Ki\u015fisel Verilerinizin \u0130\u015flenme Ama\u00e7lar\u0131 <\/strong><\/p>\n<p>Ki\u015fisel verileriniz, ki\u015fisel verilerin korunmas\u0131na ili\u015fkin mevzuata uygun olarak a\u015fa\u011f\u0131daki ama\u00e7lar ile i\u015flenebilecektir;<\/p>\n\t\t<\/div>\n\t\t\t\t\t<\/div>\n\n\t\n<\/div>\n<div class=\"row\"  id=\"row-1239181079\">\n\n\t<div id=\"col-897120452\" class=\"col small-12 large-12\"  >\n\t\t\t\t<div class=\"col-inner\"  >\n\t\t\t\n\t\t\t\n<h3>Genel Ama\u00e7lar:<\/h3>\n<p>Bizimle ileti\u015fime ge\u00e7ti\u011finiz takdirde sorun ve \u015fikayetlerinizi \u00e7\u00f6z\u00fcmlemek ve gerekti\u011finde buna ili\u015fkin olarak sizinle ileti\u015fime ge\u00e7ebilmek amac\u0131yla kimlik ve ileti\u015fim bilgilerinizi,<\/p>\n<p>Mevzuattan kaynaklanan y\u00fck\u00fcml\u00fcl\u00fcklerimizi yerine getirmek, yetkili ve g\u00f6revli kamu kurum ve kurulu\u015flar\u0131 ile bilgi g\u00fcvenli\u011fi ba\u015fta olmak \u00fczere di\u011fer hukuki y\u00fck\u00fcml\u00fcklerimizi yerine getirmek ama\u00e7lar\u0131yla kimlik, ileti\u015fim, fatura, al\u0131\u015fveri\u015f bilgilerinizi,S\u00f6zle\u015fmeden do\u011facak uyu\u015fmazl\u0131klarda mahkeme, icra dairesi, hakem heyeti gibi resmi kurum ve kurulu\u015flara kar\u015f\u0131 her t\u00fcrl\u00fc dava, cevap ve itiraz hakk\u0131n\u0131n kullan\u0131lmas\u0131 amac\u0131yla kimlik, ileti\u015fim, fatura, al\u0131\u015fveri\u015f bilgilerinizi,<\/p>\n<h3>Sipari\u015f Talebiniz Kapsam\u0131nda:<\/h3>\n<p>\u00dcr\u00fcn\u00fcm\u00fcz\u00fcn kullan\u0131m\u0131n\u0131 sa\u011flamak ve sizinle olas\u0131 akdedece\u011fimiz sat\u0131\u015f s\u00f6zle\u015fmesinin gere\u011fini yerine getirmek, Kullan\u0131c\u0131 hesab\u0131 a\u00e7\u0131larak \u00fcye giri\u015finin yap\u0131labilmesi amac\u0131yla kimlik ve ileti\u015fim bilgilerinizi,<br \/>\nDemo talebinin ard\u0131ndan \u00fcr\u00fcn sat\u0131n almak istendi\u011finde her al\u0131\u015fveri\u015f i\u015fleminde tekrar t\u00fcm \u00fcyelik bilgilerinin girilmesine gerek kalmaks\u0131z\u0131n \u00fcye bilgilerinizi kullanarak al\u0131\u015fveri\u015f yapman\u0131z\u0131 sa\u011flayabilmek amac\u0131yla kimlik ve ileti\u015fim bilgilerinizi,<\/p>\n<p>Size ili\u015fkin sistemimizde olu\u015fturdu\u011fumuz kay\u0131tlar\u0131n di\u011fer m\u00fc\u015fterilere ili\u015fkin kay\u0131tlardan ay\u0131rt edilebilmesi, fatura\/fi\u015f ibraz etmeksizin sat\u0131\u015f sonras\u0131 operasyonel s\u00fcre\u00e7lerden faydalanabilmenizi sa\u011flamak amac\u0131yla kimlik ve ileti\u015fim bilgilerinizi,<\/p>\n<p>Fatura d\u00fczenlenmesini talep etmeniz halinde fatura d\u00fczenlenebilmesi amac\u0131yla kimlik ve fatura bilgilerinizi,<\/p>\n<p>\u00d6demenizi kredi kart\u0131 ile yapmak istemeniz halinde \u00f6demenin al\u0131nabilmesi amac\u0131yla kredi kart\u0131 bilgileriniz, (kredi kart\u0131 bilgileri kaydedilmeden \u00f6deme kurulu\u015funa aktar\u0131lmaktad\u0131r.)<\/p>\n<p>Mevzuattan kaynaklanan saklama y\u00fck\u00fcml\u00fcl\u00fcklerimizi yerine getirmek amac\u0131yla kimlik, al\u0131\u015fveri\u015f ve fatura bilgilerinizi,<\/p>\n<div class=\"row\"  id=\"row-210875053\">\n\n\t<div id=\"col-480282080\" class=\"col small-12 large-12\"  >\n\t\t\t\t<div class=\"col-inner\"  >\n\t\t\t\n\t\t\t\n<p><strong>Kullan\u0131c\u0131 Olman\u0131z Halinde:<\/strong> \u00dcr\u00fcn\u00fcm\u00fcz\u00fcn geli\u015ftirilmesini sa\u011flamak ve taleplerinize an\u0131nda yan\u0131t vermek ad\u0131na Kullan\u0131c\u0131 \u015fikayet ve talep formu kapsam\u0131nda, D\u00fczenli \u00f6demelerin takibi ve hesap bilgileriniz ile d\u00fczenleme yap\u0131labilmesi ve elektronik ticaret ortam\u0131n\u0131z\u0131n y\u00f6netilmesini sa\u011flamak i\u00e7in taraf\u0131n\u0131za sa\u011flanan halinde, Kullan\u0131c\u0131 olman\u0131z halinde yapm\u0131\u015f oldu\u011funuz sat\u0131\u015flar, elektronik ticaret sitenizin y\u00fcr\u00fct\u00fclmesini sa\u011flamak,<\/p>\n<div class=\"row\"  id=\"row-1649660378\">\n\n\t<div id=\"col-2129536994\" class=\"col medium-6 small-12 large-6\"  >\n\t\t\t\t<div class=\"col-inner\"  >\n\t\t\t\n\t\t\t\n<p>Verilen hizmet kapsam\u0131nda taleplerinizin y\u00f6netimi ve en iyi hizmet prensibi ile kullan\u0131c\u0131lar\u0131n elektronik ticaretinin en iyi \u015fekilde sa\u011flanmas\u0131 amac\u0131 ile,<br \/>\nWeb sitesinde yer alan veya talep etmeniz halinde verilerinizi aktard\u0131\u011f\u0131m\u0131z i\u015f ortaklar\u0131 ile elektronik ticaret sitenizin y\u00f6netiminin yap\u0131lmas\u0131 amac\u0131 ile,<br \/>\ni\u015fliyoruz.<\/p>\n\t\t<\/div>\n\t\t\t\t\t<\/div>\n\n\t\n\n\t<div id=\"col-1467518395\" class=\"col medium-6 small-12 large-6\"  >\n\t\t\t\t<div class=\"col-inner\"  >\n\t\t\t\n\t\t\t\n<p>Ki\u015fisel Verilerinizin Toplanma Y\u00f6ntemi ve Hukuki Sebebi<br \/>\nKi\u015fisel verileriniz Optimum Bioklimatik Pergola y taraf\u0131ndan; site \u00fczerinden i\u015flemleriniz, demo talebiniz, talep ve \u015fikayetlerinize ili\u015fkin taleplerle veya yapt\u0131\u011f\u0131n\u0131z al\u0131\u015fveri\u015fleriniz ile beraber, site \u00fczerindeki her t\u00fcrl\u00fc al\u0131\u015fveri\u015f, tahsilat, teslimat, i\u015flem, anket doldurma gibi y\u00f6ntemlerle i\u015flenmektedir.<\/p>\n\t\t<\/div>\n\t\t\t\t\t<\/div>\n\n\t\n<\/div>\n<p>Optimum Bioklimatik olarak ki\u015fisel verilerinizi; site \u00fczerindeki demo taleplerinde ve sat\u0131\u015f s\u00fcre\u00e7lerine ili\u015fkin olarak \u201cs\u00f6zle\u015fmenin kurulmas\u0131 ve ifas\u0131 i\u00e7in veri i\u015flemenin gerekli olmas\u0131\u201d, \u201chukuki y\u00fck\u00fcml\u00fcl\u00fc\u011f\u00fcn yerine getirilmesi\u201d ile \u201cveri sorumlusunun me\u015fru menfaatleri i\u00e7in veri i\u015flenmesinin zorunlu olmas\u0131 hukuki sebeplerine; mevzuattan kaynaklanan saklama y\u00fck\u00fcml\u00fcl\u00fcklerimize ili\u015fkin \u201chukuki y\u00fck\u00fcml\u00fcl\u00fc\u011f\u00fcn yerine getirilmesi\u201d hukuki sebebine; kullan\u0131c\u0131 olman\u0131z halinde \u201cs\u00f6zle\u015fmenin kurulmas\u0131 ve ifas\u0131 i\u00e7in veri i\u015flemenin gerekli olmas\u0131\u201d talep ve \u015fikayetlerinizin takibi a\u00e7\u0131s\u0131nda \u201cHakk\u0131n kullan\u0131lmas\u0131 i\u00e7in veri i\u015flemenin zorunlu olmas\u0131\u201d sebebine dayanarak topluyoruz.<\/p>\n<h3>Ki\u015fisel Verilerinizin Aktar\u0131lmas\u0131<\/h3>\n<p><strong>Optimum Bioklimatik olarak ki\u015fisel verilerinizi;<\/strong><\/p>\n<p>Bili\u015fim teknolojileri, pazarlama faaliyetleri, ya da uzmanl\u0131k gerektiren dan\u0131\u015fmanl\u0131k vb. hizmetlerini almak, ki\u015fisel veri toplama s\u00fcre\u00e7lerinde \u00fcr\u00fcn ve hizmet deste\u011fi almak gibi ama\u00e7larla Optimum Bioklimatik Pergola \u2019a, yurti\u00e7i ve yurtd\u0131\u015f\u0131nda bulunan i\u015f ortaklar\u0131 ve hizmet sa\u011flay\u0131c\u0131lar\u0131yla (\u00e7a\u011fr\u0131 merkezi, cihazlar arac\u0131l\u0131\u011f\u0131yla ki\u015fisel veri toplama hizmeti, pazarlama dan\u0131\u015fmanl\u0131\u011f\u0131, veri taban\u0131, elektronik ileti arac\u0131 hizmet sa\u011flay\u0131c\u0131lar\u0131, dan\u0131\u015fmanl\u0131k, vb. hizmeti veren firmalar\u0131 ile) veya yurti\u00e7indeki i\u015f ortaklar\u0131m\u0131z\u0131n sunucular\u0131n\u0131n yurtd\u0131\u015f\u0131nda olmas\u0131 halinde yurtd\u0131\u015f\u0131 ile,<br \/>\nSite \u00fczerinden yapt\u0131\u011f\u0131n\u0131z al\u0131\u015fveri\u015flerinizin ve di\u011fer her t\u00fcrl\u00fc \u00fcr\u00fcn taleplerinizin \u00e7\u00f6z\u00fcm\u00fc amac\u0131 ile bayilerimiz ve i\u015f ortaklar\u0131m\u0131zla,<br \/>\nSitemizde yer alan ve hizmetine sunulan ve hizmet almak istedi\u011finiz i\u015f ortaklar\u0131m\u0131za verdi\u011finiz izin kapsam\u0131nda,<br \/>\nYetkili ve g\u00f6revli kamu kurum ve kurulu\u015flar\u0131 ile adli makamlara kar\u015f\u0131 olan bilgi, belge verme ve ilgili sair y\u00fck\u00fcml\u00fcl\u00fcklerimizi yerine getirmek ve dava ve cevap haklar\u0131 gibi yasal haklar\u0131m\u0131z\u0131 kullanabilmek amac\u0131yla bizden istenen bilgileri an\u0131lan bu kurum, kurulu\u015f ve makamlara,<br \/>\n\u00d6demenizi kredi kart\u0131 ile yapman\u0131z halinde kredi kart\u0131 bilgilerinizi, Optimum Bioklimatik Pergola taraf\u0131ndan kaydedilmeksizin ilgili banka, elektronik \u00f6deme kurulu\u015fu vb. hizmeti sa\u011flayan \u00fc\u00e7\u00fcnc\u00fc ki\u015filere payla\u015fmaktay\u0131z. Haklar\u0131n\u0131z Kanun\u2019un 11. maddesi gere\u011fince; bu politikan\u0131n \u201cileti\u015fim\u201d b\u00f6l\u00fcm\u00fcnde yer alan y\u00f6ntemlerle Optimum Bioklimatik Pergola \u2019a, Ki\u015fisel verilerinizin i\u015flenip i\u015flenmedi\u011fini \u00f6\u011frenme, Ki\u015fisel verileriniz i\u015flenmi\u015fse buna ili\u015fkin bilgi talep etme, Ki\u015fisel verilerin i\u015flenme amac\u0131n\u0131 ve bunlar\u0131n amac\u0131na uygun kullan\u0131l\u0131p kullan\u0131lmad\u0131\u011f\u0131n\u0131 \u00f6\u011frenme, Yurti\u00e7inde veya yurtd\u0131\u015f\u0131nda ki\u015fisel verilerinizin aktar\u0131ld\u0131\u011f\u0131 \u00fc\u00e7\u00fcnc\u00fc ki\u015fileri bilme, Ki\u015fisel verilerinizin eksik veya yanl\u0131\u015f i\u015flenmi\u015f olmas\u0131 halinde bunlar\u0131n d\u00fczeltilmesini isteme, KVKK mevzuat\u0131nda \u00f6ng\u00f6r\u00fclen \u015fartlar \u00e7er\u00e7evesinde ki\u015fisel verilerinizin silinmesini veya yok edilmesini isteme, Ki\u015fisel verilerinizin aktar\u0131ld\u0131\u011f\u0131 \u00fc\u00e7\u00fcnc\u00fc ki\u015filere bildirilmesini isteme, \u0130\u015flenen verilerin m\u00fcnhas\u0131ran otomatik sistemler vas\u0131tas\u0131yla analiz edilmesi suretiyle aleyhinize bir sonucun ortaya \u00e7\u0131kmas\u0131na itiraz etme, Ki\u015fisel verilerin kanuna ayk\u0131r\u0131 olarak i\u015flenmesi sebebiyle zarara u\u011framan\u0131z halinde bu zarar\u0131n giderilmesini talep etme haklar\u0131na sahipsiniz.<\/p>\n<h3>\u0130leti\u015fim<\/h3>\n<p>Ba\u015fvurular\u0131n\u0131z\u0131 veri sorumlusu olarak Optimum Bioklimatik Pergola s\u00f6z konusu ba\u015fvuru prosed\u00fcr\u00fc i\u00e7in tahsis edilmi\u015f olan info@optimumbioklimatik.com e-posta adresine, sistem \u00fczerindeki kay\u0131tl\u0131 e-postan\u0131zdan ula\u015fabilirsiniz. Veya Optimum Bioklimatik Pergola a\u015fa\u011f\u0131da belirtilen adresine yaz\u0131l\u0131 olarak iletebilirsiniz (\u0130lgili talebin yasalar gere\u011fi belirli bir prosed\u00fcrde yap\u0131lmas\u0131 gereken hallerde s\u00f6z konusu prosed\u00fcre uyulmas\u0131 gerekti\u011fini hat\u0131rlatmak isteriz.)<\/p>\n<p><strong>Adres:<\/strong> Yal\u0131 Mh, Kadir Sk. No:14, Kat 24, Office 227, Helis more office. 34873 Kartal\/\u0130stanbul<br \/>\n<strong>Telefon:<\/strong> +90 216 496 2886<\/p>\n\t\t<\/div>\n\t\t\t\t\t<\/div>\n\n\t\n<\/div>\n\t\t<\/div>\n\t\t\t\t\t<\/div>\n\n\t\n<\/div>\n\t\t<\/div>\n\t\t\t\t\t<\/div>\n\n\t\n<\/div>\n\t\t<\/div>\n\n\t\t\n<style>\n#section_1047114848 {\n  padding-top: 30px;\n  padding-bottom: 30px;\n}\n<\/style>\n\t<\/section>\n\t\n","protected":false},"excerpt":{"rendered":"","protected":false},"author":2,"featured_media":0,"parent":0,"menu_order":0,"comment_status":"closed","ping_status":"closed","template":"page-transparent-header-light.php","meta":{"footnotes":""},"class_list":["post-630","page","type-page","status-publish","hentry"],"_links":{"self":[{"href":"https:\/\/optimumbioklimatik.com\/en\/wp-json\/wp\/v2\/pages\/630","targetHints":{"allow":["GET"]}}],"collection":[{"href":"https:\/\/optimumbioklimatik.com\/en\/wp-json\/wp\/v2\/pages"}],"about":[{"href":"https:\/\/optimumbioklimatik.com\/en\/wp-json\/wp\/v2\/types\/page"}],"author":[{"embeddable":true,"href":"https:\/\/optimumbioklimatik.com\/en\/wp-json\/wp\/v2\/users\/2"}],"replies":[{"embeddable":true,"href":"https:\/\/optimumbioklimatik.com\/en\/wp-json\/wp\/v2\/comments?post=630"}],"version-history":[{"count":2,"href":"https:\/\/optimumbioklimatik.com\/en\/wp-json\/wp\/v2\/pages\/630\/revisions"}],"predecessor-version":[{"id":673,"href":"https:\/\/optimumbioklimatik.com\/en\/wp-json\/wp\/v2\/pages\/630\/revisions\/673"}],"wp:attachment":[{"href":"https:\/\/optimumbioklimatik.com\/en\/wp-json\/wp\/v2\/media?parent=630"}],"curies":[{"name":"wp","href":"https:\/\/api.w.org\/{rel}","templated":true}]}}